{"id":1123,"date":"2022-11-14T16:58:05","date_gmt":"2022-11-14T15:58:05","guid":{"rendered":"https:\/\/sama-innovation.com\/?page_id=1123"},"modified":"2022-11-30T14:16:04","modified_gmt":"2022-11-30T13:16:04","slug":"design-graphique","status":"publish","type":"page","link":"https:\/\/sama-innovation.com\/en\/design-graphique\/","title":{"rendered":"Graphic design"},"content":{"rendered":"<div data-elementor-type=\"wp-page\" data-elementor-id=\"1123\" class=\"elementor elementor-1123\">\n\t\t\t\t\t\t\t<div class=\"elementor-element elementor-element-ac47c11 e-con-boxed e-con\" data-id=\"ac47c11\" data-element_type=\"container\" data-settings=\"{&quot;background_background&quot;:&quot;classic&quot;,&quot;content_width&quot;:&quot;boxed&quot;}\">\n\t\t\t\t\t<div class=\"e-con-inner\">\n\t\t<div class=\"elementor-element elementor-element-7c6471a e-con-full e-con\" data-id=\"7c6471a\" data-element_type=\"container\" data-settings=\"{&quot;content_width&quot;:&quot;full&quot;}\">\n\t\t\t\t<div class=\"elementor-element elementor-element-e2af2ce sc_fly_static elementor-widget elementor-widget-heading\" data-id=\"e2af2ce\" data-element_type=\"widget\" data-widget_type=\"heading.default\">\n\t\t\t\t<div class=\"elementor-widget-container\">\n\t\t\t<style>\/*! elementor - v3.11.0 - 08-02-2023 *\/\n.elementor-heading-title{padding:0;margin:0;line-height:1}.elementor-widget-heading .elementor-heading-title[class*=elementor-size-]>a{color:inherit;font-size:inherit;line-height:inherit}.elementor-widget-heading .elementor-heading-title.elementor-size-small{font-size:15px}.elementor-widget-heading .elementor-heading-title.elementor-size-medium{font-size:19px}.elementor-widget-heading .elementor-heading-title.elementor-size-large{font-size:29px}.elementor-widget-heading .elementor-heading-title.elementor-size-xl{font-size:39px}.elementor-widget-heading .elementor-heading-title.elementor-size-xxl{font-size:59px}<\/style><h1 class=\"elementor-heading-title elementor-size-xl\">For visible and legible marks<\/h1>\t\t<\/div>\n\t\t\t\t<\/div>\n\t\t\t\t<\/div>\n\t\t<div class=\"elementor-element elementor-element-fc001e5 e-con-full e-con\" data-id=\"fc001e5\" data-element_type=\"container\" data-settings=\"{&quot;content_width&quot;:&quot;full&quot;}\">\n\t\t\t\t<div class=\"elementor-element elementor-element-14b253e sc_fly_static elementor-widget elementor-widget-text-editor\" data-id=\"14b253e\" data-element_type=\"widget\" data-widget_type=\"text-editor.default\">\n\t\t\t\t<div class=\"elementor-widget-container\">\n\t\t\t<style>\/*! elementor - v3.11.0 - 08-02-2023 *\/\n.elementor-widget-text-editor.elementor-drop-cap-view-stacked .elementor-drop-cap{background-color:#818a91;color:#fff}.elementor-widget-text-editor.elementor-drop-cap-view-framed .elementor-drop-cap{color:#818a91;border:3px solid;background-color:transparent}.elementor-widget-text-editor:not(.elementor-drop-cap-view-default) .elementor-drop-cap{margin-top:8px}.elementor-widget-text-editor:not(.elementor-drop-cap-view-default) .elementor-drop-cap-letter{width:1em;height:1em}.elementor-widget-text-editor .elementor-drop-cap{float:left;text-align:center;line-height:1;font-size:50px}.elementor-widget-text-editor .elementor-drop-cap-letter{display:inline-block}<\/style>\t\t\t\t<p>We support the creation of all communication elements:<br \/>Creation of your branding and visual identities (logos, brochures, flyers, mascots, presentation support).<br \/>Creation of internal and external communication tools (email templates, PPT presentations, videos, static and dynamic infographics, carousel social networks, etc.),<\/p>\t\t\t\t\t\t<\/div>\n\t\t\t\t<\/div>\n\t\t\t\t<\/div>\n\t\t\t\t\t<\/div>\n\t\t\t\t<\/div>\n\t\t<div class=\"elementor-element elementor-element-07cf05f e-con-boxed e-con\" data-id=\"07cf05f\" data-element_type=\"container\" data-settings=\"{&quot;content_width&quot;:&quot;boxed&quot;}\">\n\t\t\t\t\t<div class=\"e-con-inner\">\n\t\t<div class=\"elementor-element elementor-element-fde9b3d e-con-full e-con\" data-id=\"fde9b3d\" data-element_type=\"container\" data-settings=\"{&quot;content_width&quot;:&quot;full&quot;}\">\n\t\t\t\t<div class=\"elementor-element elementor-element-bead47c sc_fly_static elementor-widget elementor-widget-heading\" data-id=\"bead47c\" data-element_type=\"widget\" data-widget_type=\"heading.default\">\n\t\t\t\t<div class=\"elementor-widget-container\">\n\t\t\t<h2 class=\"elementor-heading-title elementor-size-large\">Logos and graphic charters<\/h2>\t\t<\/div>\n\t\t\t\t<\/div>\n\t\t\t\t<div class=\"elementor-element elementor-element-a73e6a2 sc_fly_static elementor-widget elementor-widget-text-editor\" data-id=\"a73e6a2\" data-element_type=\"widget\" data-widget_type=\"text-editor.default\">\n\t\t\t\t<div class=\"elementor-widget-container\">\n\t\t\t\t\t\t\t<p>Our design agency helps you build your graphic identity.<br \/>A cornerstone of any identity, the logo is an essential element to which we pay special attention.<\/p><p>It must be relevant in its message, lasting, and rich enough to be the founder of your graphic charter. This is from the first drafts to the final vector drawing, through the variations of formats and the setting of colors.<\/p>\t\t\t\t\t\t<\/div>\n\t\t\t\t<\/div>\n\t\t\t\t<\/div>\n\t\t<div class=\"elementor-element elementor-element-c031567 e-con-full e-con\" data-id=\"c031567\" data-element_type=\"container\" data-settings=\"{&quot;content_width&quot;:&quot;full&quot;}\">\n\t\t\t\t<div class=\"elementor-element elementor-element-99953b8 sc_fly_static elementor-widget elementor-widget-image\" data-id=\"99953b8\" data-element_type=\"widget\" data-widget_type=\"image.default\">\n\t\t\t\t<div class=\"elementor-widget-container\">\n\t\t\t<style>\/*! elementor - v3.11.0 - 08-02-2023 *\/\n.elementor-widget-image{text-align:center}.elementor-widget-image a{display:inline-block}.elementor-widget-image a img[src$=\".svg\"]{width:48px}.elementor-widget-image img{vertical-align:middle;display:inline-block}<\/style>\t\t\t\t\t\t\t\t\t\t\t\t<img decoding=\"async\" width=\"1024\" height=\"683\" src=\"https:\/\/sama-innovation.com\/wp-content\/uploads\/2022\/11\/Web-Design-1024x683.png\" class=\"attachment-large size-large wp-image-1147\" alt=\"Logos et chartes graphiques\" loading=\"lazy\" srcset=\"https:\/\/sama-innovation.com\/wp-content\/uploads\/2022\/11\/Web-Design-1024x683.png 1024w, https:\/\/sama-innovation.com\/wp-content\/uploads\/2022\/11\/Web-Design-300x200.png 300w, https:\/\/sama-innovation.com\/wp-content\/uploads\/2022\/11\/Web-Design-768x512.png 768w, https:\/\/sama-innovation.com\/wp-content\/uploads\/2022\/11\/Web-Design-1536x1024.png 1536w, https:\/\/sama-innovation.com\/wp-content\/uploads\/2022\/11\/Web-Design-2048x1365.png 2048w, https:\/\/sama-innovation.com\/wp-content\/uploads\/2022\/11\/Web-Design-370x247.png 370w, https:\/\/sama-innovation.com\/wp-content\/uploads\/2022\/11\/Web-Design-840x560.png 840w, https:\/\/sama-innovation.com\/wp-content\/uploads\/2022\/11\/Web-Design-410x273.png 410w\" sizes=\"(max-width: 1024px) 100vw, 1024px\" \/>\t\t\t\t\t\t\t\t\t\t\t\t\t\t\t<\/div>\n\t\t\t\t<\/div>\n\t\t\t\t<\/div>\n\t\t\t\t\t<\/div>\n\t\t\t\t<\/div>\n\t\t\t\t<section class=\"elementor-section elementor-top-section elementor-element elementor-element-5f19069e elementor-section-content-middle elementor-section-boxed elementor-section-height-default elementor-section-height-default sc_fly_static\" data-id=\"5f19069e\" data-element_type=\"section\" data-settings=\"{&quot;background_background&quot;:&quot;classic&quot;}\">\n\t\t\t\t\t\t\t<div class=\"elementor-background-overlay\"><\/div>\n\t\t\t\t\t\t\t<div class=\"elementor-container elementor-column-gap-no\">\n\t\t\t\t\t<div class=\"elementor-column elementor-col-100 elementor-top-column elementor-element elementor-element-102e9055 sc_inner_width_none sc_content_align_inherit sc_layouts_column_icons_position_left sc_fly_static\" data-id=\"102e9055\" data-element_type=\"column\">\n\t\t\t<div class=\"elementor-widget-wrap elementor-element-populated\">\n\t\t\t\t\t\t\t\t<div class=\"elementor-element elementor-element-e540a14 sc_fly_static elementor-widget elementor-widget-heading\" data-id=\"e540a14\" data-element_type=\"widget\" data-widget_type=\"heading.default\">\n\t\t\t\t<div class=\"elementor-widget-container\">\n\t\t\t<h2 class=\"elementor-heading-title elementor-size-large\">A brand\u2019s clarity and consistency is based primarily on its identity<\/h2>\t\t<\/div>\n\t\t\t\t<\/div>\n\t\t\t\t<div class=\"elementor-element elementor-element-5b2f827 elementor-button-warning elementor-align-center sc_fly_static elementor-widget elementor-widget-button\" data-id=\"5b2f827\" data-element_type=\"widget\" data-widget_type=\"button.default\">\n\t\t\t\t<div class=\"elementor-widget-container\">\n\t\t\t\t\t<div class=\"elementor-button-wrapper\">\n\t\t\t<a href=\"https:\/\/sama-innovation.com\/en\/contact\/\" class=\"elementor-button-link elementor-button elementor-size-sm\" role=\"button\">\n\t\t\t\t\t\t<span class=\"elementor-button-content-wrapper\">\n\t\t\t\t\t\t\t<span class=\"elementor-button-icon elementor-align-icon-left\">\n\t\t\t\t<svg aria-hidden=\"true\" class=\"e-font-icon-svg e-far-envelope\" viewbox=\"0 0 512 512\" xmlns=\"http:\/\/www.w3.org\/2000\/svg\"><path d=\"M464 64H48C21.49 64 0 85.49 0 112v288c0 26.51 21.49 48 48 48h416c26.51 0 48-21.49 48-48V112c0-26.51-21.49-48-48-48zm0 48v40.805c-22.422 18.259-58.168 46.651-134.587 106.49-16.841 13.247-50.201 45.072-73.413 44.701-23.208.375-56.579-31.459-73.413-44.701C106.18 199.465 70.425 171.067 48 152.805V112h416zM48 400V214.398c22.914 18.251 55.409 43.862 104.938 82.646 21.857 17.205 60.134 55.186 103.062 54.955 42.717.231 80.509-37.199 103.053-54.947 49.528-38.783 82.032-64.401 104.947-82.653V400H48z\"><\/path><\/svg>\t\t\t<\/span>\n\t\t\t\t\t\t<span class=\"elementor-button-text\">Let\u2019s talk about your projects!<\/span>\n\t\t<\/span>\n\t\t\t\t\t<\/a>\n\t\t<\/div>\n\t\t\t\t<\/div>\n\t\t\t\t<\/div>\n\t\t\t\t\t<\/div>\n\t\t<\/div>\n\t\t\t\t\t\t\t<\/div>\n\t\t<\/section>\n\t\t<div class=\"elementor-element elementor-element-02d1a2a e-con-boxed e-con\" data-id=\"02d1a2a\" data-element_type=\"container\" data-settings=\"{&quot;content_width&quot;:&quot;boxed&quot;}\">\n\t\t\t\t\t<div class=\"e-con-inner\">\n\t\t<div class=\"elementor-element elementor-element-cd771eb e-con-full e-con\" data-id=\"cd771eb\" data-element_type=\"container\" data-settings=\"{&quot;content_width&quot;:&quot;full&quot;}\">\n\t\t\t\t<div class=\"elementor-element elementor-element-c268f60 sc_fly_static elementor-widget elementor-widget-image\" data-id=\"c268f60\" data-element_type=\"widget\" data-widget_type=\"image.default\">\n\t\t\t\t<div class=\"elementor-widget-container\">\n\t\t\t\t\t\t\t\t\t\t\t\t\t\t\t<img decoding=\"async\" width=\"1024\" height=\"691\" src=\"https:\/\/sama-innovation.com\/wp-content\/uploads\/2022\/11\/Web-design-1-1024x691.png\" class=\"attachment-large size-large wp-image-1148\" alt=\"\" loading=\"lazy\" srcset=\"https:\/\/sama-innovation.com\/wp-content\/uploads\/2022\/11\/Web-design-1-1024x691.png 1024w, https:\/\/sama-innovation.com\/wp-content\/uploads\/2022\/11\/Web-design-1-300x202.png 300w, https:\/\/sama-innovation.com\/wp-content\/uploads\/2022\/11\/Web-design-1-768x518.png 768w, https:\/\/sama-innovation.com\/wp-content\/uploads\/2022\/11\/Web-design-1-370x250.png 370w, https:\/\/sama-innovation.com\/wp-content\/uploads\/2022\/11\/Web-design-1-840x566.png 840w, https:\/\/sama-innovation.com\/wp-content\/uploads\/2022\/11\/Web-design-1-410x276.png 410w, https:\/\/sama-innovation.com\/wp-content\/uploads\/2022\/11\/Web-design-1.png 1130w\" sizes=\"(max-width: 1024px) 100vw, 1024px\" \/>\t\t\t\t\t\t\t\t\t\t\t\t\t\t\t<\/div>\n\t\t\t\t<\/div>\n\t\t\t\t<\/div>\n\t\t<div class=\"elementor-element elementor-element-c57e8f8 e-con-full e-con\" data-id=\"c57e8f8\" data-element_type=\"container\" data-settings=\"{&quot;content_width&quot;:&quot;full&quot;}\">\n\t\t\t\t<div class=\"elementor-element elementor-element-023f81f sc_fly_static elementor-widget elementor-widget-heading\" data-id=\"023f81f\" data-element_type=\"widget\" data-widget_type=\"heading.default\">\n\t\t\t\t<div class=\"elementor-widget-container\">\n\t\t\t<h2 class=\"elementor-heading-title elementor-size-large\">Communication supports<\/h2>\t\t<\/div>\n\t\t\t\t<\/div>\n\t\t\t\t<div class=\"elementor-element elementor-element-fd78bd0 sc_fly_static elementor-widget elementor-widget-text-editor\" data-id=\"fd78bd0\" data-element_type=\"widget\" data-widget_type=\"text-editor.default\">\n\t\t\t\t<div class=\"elementor-widget-container\">\n\t\t\t\t\t\t\t<p>We design all types of communication media: Menu, brochures, business cards, catalogues, leaflets, Social media visuals and advertising campaign, website, etc..<\/p>\t\t\t\t\t\t<\/div>\n\t\t\t\t<\/div>\n\t\t\t\t<div class=\"elementor-element elementor-element-35bbce7 sc_fly_static elementor-widget elementor-widget-heading\" data-id=\"35bbce7\" data-element_type=\"widget\" data-widget_type=\"heading.default\">\n\t\t\t\t<div class=\"elementor-widget-container\">\n\t\t\t<h2 class=\"elementor-heading-title elementor-size-large\">Packaging design<\/h2>\t\t<\/div>\n\t\t\t\t<\/div>\n\t\t\t\t<div class=\"elementor-element elementor-element-92e4daa sc_fly_static elementor-widget elementor-widget-text-editor\" data-id=\"92e4daa\" data-element_type=\"widget\" data-widget_type=\"text-editor.default\">\n\t\t\t\t<div class=\"elementor-widget-container\">\n\t\t\t\t\t\t\t<p>Packaging makes the product attractive and gives value. It evokes a special feeling between consumers and brands. The visual design of the packaging often involves the act of purchase and therefore requires care.<\/p>\t\t\t\t\t\t<\/div>\n\t\t\t\t<\/div>\n\t\t\t\t<\/div>\n\t\t\t\t\t<\/div>\n\t\t\t\t<\/div>\n\t\t<div class=\"elementor-element elementor-element-cba34ac e-con-boxed e-con\" data-id=\"cba34ac\" data-element_type=\"container\" data-settings=\"{&quot;content_width&quot;:&quot;boxed&quot;}\">\n\t\t\t\t\t<div class=\"e-con-inner\">\n\t\t<div class=\"elementor-element elementor-element-c5bfe24 e-con-full e-con\" data-id=\"c5bfe24\" data-element_type=\"container\" data-settings=\"{&quot;content_width&quot;:&quot;full&quot;}\">\n\t\t\t\t<div class=\"elementor-element elementor-element-f168a00 sc_fly_static elementor-widget elementor-widget-heading\" data-id=\"f168a00\" data-element_type=\"widget\" data-widget_type=\"heading.default\">\n\t\t\t\t<div class=\"elementor-widget-container\">\n\t\t\t<h2 class=\"elementor-heading-title elementor-size-large\">Illustration 2D - 3D<\/h2>\t\t<\/div>\n\t\t\t\t<\/div>\n\t\t\t\t<div class=\"elementor-element elementor-element-7bab149 sc_fly_static elementor-widget elementor-widget-text-editor\" data-id=\"7bab149\" data-element_type=\"widget\" data-widget_type=\"text-editor.default\">\n\t\t\t\t<div class=\"elementor-widget-container\">\n\t\t\t\t\t\t\t<p>Vector illustrations, 2D infographics, 3D infographics, icons\u2026 our wide illustrative field enriches your presentations.<\/p>\t\t\t\t\t\t<\/div>\n\t\t\t\t<\/div>\n\t\t\t\t<div class=\"elementor-element elementor-element-06e13d1 sc_fly_static elementor-widget elementor-widget-heading\" data-id=\"06e13d1\" data-element_type=\"widget\" data-widget_type=\"heading.default\">\n\t\t\t\t<div class=\"elementor-widget-container\">\n\t\t\t<h2 class=\"elementor-heading-title elementor-size-large\">Films &amp; motion design<\/h2>\t\t<\/div>\n\t\t\t\t<\/div>\n\t\t\t\t<div class=\"elementor-element elementor-element-4497387 sc_fly_static elementor-widget elementor-widget-text-editor\" data-id=\"4497387\" data-element_type=\"widget\" data-widget_type=\"text-editor.default\">\n\t\t\t\t<div class=\"elementor-widget-container\">\n\t\t\t\t\t\t\t<p>We design and produce a wide variety of films with high graphic value: product\/service presentation, company presentation, website presentation, advertising spot, etc.<br \/>Nous proposons un service complet : concept, story-boarding, r\u00e9dactionnel (multilingue), production, montage, sonorisation.<\/p>\t\t\t\t\t\t<\/div>\n\t\t\t\t<\/div>\n\t\t\t\t<\/div>\n\t\t<div class=\"elementor-element elementor-element-d101772 e-con-full e-con\" data-id=\"d101772\" data-element_type=\"container\" data-settings=\"{&quot;content_width&quot;:&quot;full&quot;}\">\n\t\t\t\t<div class=\"elementor-element elementor-element-a3ee13f sc_fly_static elementor-widget elementor-widget-image\" data-id=\"a3ee13f\" data-element_type=\"widget\" data-widget_type=\"image.default\">\n\t\t\t\t<div class=\"elementor-widget-container\">\n\t\t\t\t\t\t\t\t\t\t\t\t\t\t\t<img decoding=\"async\" width=\"1024\" height=\"630\" src=\"https:\/\/sama-innovation.com\/wp-content\/uploads\/2022\/11\/Web-Design-2-1-1024x630.png\" class=\"attachment-large size-large wp-image-1168\" alt=\"\" loading=\"lazy\" srcset=\"https:\/\/sama-innovation.com\/wp-content\/uploads\/2022\/11\/Web-Design-2-1-1024x630.png 1024w, https:\/\/sama-innovation.com\/wp-content\/uploads\/2022\/11\/Web-Design-2-1-300x185.png 300w, https:\/\/sama-innovation.com\/wp-content\/uploads\/2022\/11\/Web-Design-2-1-768x472.png 768w, https:\/\/sama-innovation.com\/wp-content\/uploads\/2022\/11\/Web-Design-2-1-370x228.png 370w, https:\/\/sama-innovation.com\/wp-content\/uploads\/2022\/11\/Web-Design-2-1-840x517.png 840w, https:\/\/sama-innovation.com\/wp-content\/uploads\/2022\/11\/Web-Design-2-1-410x252.png 410w, https:\/\/sama-innovation.com\/wp-content\/uploads\/2022\/11\/Web-Design-2-1.png 1091w\" sizes=\"(max-width: 1024px) 100vw, 1024px\" \/>\t\t\t\t\t\t\t\t\t\t\t\t\t\t\t<\/div>\n\t\t\t\t<\/div>\n\t\t\t\t<\/div>\n\t\t\t\t\t<\/div>\n\t\t\t\t<\/div>\n\t\t\t\t\t\t\t<\/div>","protected":false},"excerpt":{"rendered":"<p>Pour des marques visibles et lisibles Nous prenons en charge la cr\u00e9ation de tous les \u00e9l\u00e9ments de communication:Cr\u00e9ation de votre Branding et identit\u00e9s visuelles (logos, brochures, flyers, mascottes, support de&hellip;<\/p>","protected":false},"author":3,"featured_media":0,"parent":0,"menu_order":0,"comment_status":"closed","ping_status":"closed","template":"","meta":[],"_links":{"self":[{"href":"https:\/\/sama-innovation.com\/en\/wp-json\/wp\/v2\/pages\/1123"}],"collection":[{"href":"https:\/\/sama-innovation.com\/en\/wp-json\/wp\/v2\/pages"}],"about":[{"href":"https:\/\/sama-innovation.com\/en\/wp-json\/wp\/v2\/types\/page"}],"author":[{"embeddable":true,"href":"https:\/\/sama-innovation.com\/en\/wp-json\/wp\/v2\/users\/3"}],"replies":[{"embeddable":true,"href":"https:\/\/sama-innovation.com\/en\/wp-json\/wp\/v2\/comments?post=1123"}],"version-history":[{"count":47,"href":"https:\/\/sama-innovation.com\/en\/wp-json\/wp\/v2\/pages\/1123\/revisions"}],"predecessor-version":[{"id":1916,"href":"https:\/\/sama-innovation.com\/en\/wp-json\/wp\/v2\/pages\/1123\/revisions\/1916"}],"wp:attachment":[{"href":"https:\/\/sama-innovation.com\/en\/wp-json\/wp\/v2\/media?parent=1123"}],"curies":[{"name":"wp","href":"https:\/\/api.w.org\/{rel}","templated":true}]}}